{"id":6916,"date":"2019-09-20T14:02:13","date_gmt":"2019-09-20T13:02:13","guid":{"rendered":"http:\/\/eubias.org\/NEUBIAS\/?page_id=6916"},"modified":"2020-02-11T10:40:39","modified_gmt":"2020-02-11T09:40:39","slug":"venue-bordeaux-2020","status":"publish","type":"page","link":"https:\/\/eubias.org\/NEUBIAS\/neubias2020-conference\/bordeaux-2020\/venue-bordeaux-2020\/","title":{"rendered":"Venues &#038; Organisation"},"content":{"rendered":"<div id=\"pl-6916\"  class=\"panel-layout\" ><div id=\"pg-6916-0\"  class=\"panel-grid panel-no-style\" ><div id=\"pgc-6916-0-0\"  class=\"panel-grid-cell\" ><div id=\"panel-6916-0-0-0\" class=\"so-panel widget widget_sow-editor panel-first-child panel-last-child\" data-index=\"0\" ><div\n\t\t\t\n\t\t\tclass=\"so-widget-sow-editor so-widget-sow-editor-base\"\n\t\t\t\n\t\t><h3 class=\"widget-title\">Bordeaux<\/h3>\n<div class=\"siteorigin-widget-tinymce textwidget\">\n\t\n<p>Bordeaux is a port city on the Garonne in the Gironde department in Southwestern France. Awarded for the 5<sup>th<\/sup> consecutive times in 2018 as the most attractive town in France, Bordeaux remains a prominent powerhouse and exercises significant influence on the world wine industry. Bordeaux wine has been produced in the region since the 8th century. The historic part of the city is on the UNESCO World Heritage List as \"an outstanding urban and architectural ensemble\" of the 18th century. After Paris, Bordeaux has the highest number of preserved historical buildings of any city in France.<\/p>\n<p>A leading international research university, the University of Bordeaux promotes the development of training, research and knowledge transfer within its numerous clusters of excellence: neuroscience, medical imaging, environment\/climate, advanced materials, archaeology, lasers\/optics, digital certification, health and society and cardiology.<\/p>\n<p>Join us for the NEUBIAS conference in Bordeaux and explore the many attractions we have to offer!<\/p>\n<\/div>\n<\/div><\/div><\/div><div id=\"pgc-6916-0-1\"  class=\"panel-grid-cell\" ><div id=\"panel-6916-0-1-0\" class=\"so-panel widget widget_sow-image panel-first-child panel-last-child\" data-index=\"1\" ><div class=\"panel-widget-style panel-widget-style-for-6916-0-1-0\" ><div\n\t\t\t\n\t\t\tclass=\"so-widget-sow-image so-widget-sow-image-default-6ec9e3772f75-6916\"\n\t\t\t\n\t\t>\n<div class=\"sow-image-container\">\n\t\t<img src=\"https:\/\/eubias.org\/NEUBIAS\/wp-content\/uploads\/2019\/05\/Bordeaux-768x381.jpg\" width=\"720\" height=\"357\" srcset=\"https:\/\/eubias.org\/NEUBIAS\/wp-content\/uploads\/2019\/05\/Bordeaux-768x381.jpg 768w, https:\/\/eubias.org\/NEUBIAS\/wp-content\/uploads\/2019\/05\/Bordeaux-300x149.jpg 300w, https:\/\/eubias.org\/NEUBIAS\/wp-content\/uploads\/2019\/05\/Bordeaux-1024x509.jpg 1024w, https:\/\/eubias.org\/NEUBIAS\/wp-content\/uploads\/2019\/05\/Bordeaux.jpg 1842w\" sizes=\"(max-width: 720px) 100vw, 720px\" alt=\"\" \t\tclass=\"so-widget-image\"\/>\n\t<\/div>\n\n<\/div><\/div><\/div><\/div><\/div><div id=\"pg-6916-1\"  class=\"panel-grid panel-no-style\" ><div id=\"pgc-6916-1-0\"  class=\"panel-grid-cell\" ><div id=\"panel-6916-1-0-0\" class=\"so-panel widget widget_sow-editor panel-first-child panel-last-child\" data-index=\"2\" ><div\n\t\t\t\n\t\t\tclass=\"so-widget-sow-editor so-widget-sow-editor-base\"\n\t\t\t\n\t\t><h3 class=\"widget-title\">Venues<\/h3>\n<div class=\"siteorigin-widget-tinymce textwidget\">\n\t<p>The 4<sup>th<\/sup> NEUBIAS conference will be hosted at two sites of the University of Bordeaux. Training Schools and the Taggathon (29 February \u2013 03 March 2020) take place at the Centre Broca Nouvelle-Aquitaine in Bordeaux, home of the Interdisciplinary Institute for Neuroscience (IINS) and Bordeaux Imaging Center (BIC). The Symposium (04-06 March 2020) takes place at the ENSEIRB-MATMECA in Talence. Both locations are conveniently located close to the city center of Bordeaux by tram.<\/p>\n<p><strong>Please note that the Satellite Meeting of the Symposium (March 3rd, afternoon) will be held at the Centre Broca Nouvelle-Aquitaine, and not at the Enseirb.<\/strong><\/p>\n<p><span style=\"font-size: 14pt; color: #993300;\"><strong>Training Schools &amp; Taggathon, Satellite Meeting, Feb 29-March 3: Centre Broca Nouvelle Aquitaine<br \/>\n<\/strong><\/span><\/p>\n<p><a href=\"http:\/\/eubias.org\/NEUBIAS\/wp-content\/uploads\/2019\/09\/SymposiumVenue2.jpg\"><img fetchpriority=\"high\" class=\"alignnone wp-image-6928 size-large\" src=\"http:\/\/eubias.org\/NEUBIAS\/wp-content\/uploads\/2019\/09\/SymposiumVenue2-1024x562.jpg\" alt=\"\" width=\"720\" height=\"395\" srcset=\"https:\/\/eubias.org\/NEUBIAS\/wp-content\/uploads\/2019\/09\/SymposiumVenue2-1024x562.jpg 1024w, https:\/\/eubias.org\/NEUBIAS\/wp-content\/uploads\/2019\/09\/SymposiumVenue2-300x165.jpg 300w, https:\/\/eubias.org\/NEUBIAS\/wp-content\/uploads\/2019\/09\/SymposiumVenue2-768x422.jpg 768w, https:\/\/eubias.org\/NEUBIAS\/wp-content\/uploads\/2019\/09\/SymposiumVenue2.jpg 1386w\" sizes=\"(max-width: 720px) 100vw, 720px\" \/><\/a><\/p>\n<p><span style=\"font-size: 14pt; color: #993300;\"><strong>Symposium: ENSEIRB-MATMECA, March 4-6, 2020<br \/>\n<\/strong><\/span><\/p>\n<p><a href=\"http:\/\/eubias.org\/NEUBIAS\/wp-content\/uploads\/2019\/05\/bordeauxMap.jpg\"><img class=\"alignnone wp-image-6765 size-large\" src=\"http:\/\/eubias.org\/NEUBIAS\/wp-content\/uploads\/2019\/05\/bordeauxMap-1024x548.jpg\" alt=\"\" width=\"720\" height=\"385\" srcset=\"https:\/\/eubias.org\/NEUBIAS\/wp-content\/uploads\/2019\/05\/bordeauxMap-1024x548.jpg 1024w, https:\/\/eubias.org\/NEUBIAS\/wp-content\/uploads\/2019\/05\/bordeauxMap-300x161.jpg 300w, https:\/\/eubias.org\/NEUBIAS\/wp-content\/uploads\/2019\/05\/bordeauxMap-768x411.jpg 768w, https:\/\/eubias.org\/NEUBIAS\/wp-content\/uploads\/2019\/05\/bordeauxMap.jpg 1813w\" sizes=\"(max-width: 720px) 100vw, 720px\" \/><\/a><\/p>\n<\/div>\n<\/div><\/div><\/div><\/div><div id=\"pg-6916-2\"  class=\"panel-grid panel-no-style\" ><div id=\"pgc-6916-2-0\"  class=\"panel-grid-cell\" ><div id=\"panel-6916-2-0-0\" class=\"so-panel widget widget_sow-editor panel-first-child\" data-index=\"3\" ><div\n\t\t\t\n\t\t\tclass=\"so-widget-sow-editor so-widget-sow-editor-base\"\n\t\t\t\n\t\t><h3 class=\"widget-title\">Accommodation<\/h3>\n<div class=\"siteorigin-widget-tinymce textwidget\">\n\t<p><span style=\"font-size: 12pt;\">A number of hotel rooms have been pre-booked for the NEUBIAS Training Schools, Taggathon and Symposium. <\/span><\/p>\n<p>This information ONLY concerns the dates of the Symposium, TS hotels will be communicated to trainees separately.<\/p>\n<h1><span style=\"font-size: 14pt;\">Accommodations available for the SYMPOSIUM:<br \/>\n<\/span><\/h1>\n<p>Hotel booking is left to the participant's initiative. The organization have secured fixed prices with the Accor group. The rooms are not blocked by any of the hotels: they come as a first-come, first-served basis so you should book your hotel after registering to the conference. As of today, this offer is for 3 hotels:<\/p>\n<ul>\n<li>H\u00f4tel Mercure Bordeaux Centre: 120 EUR per night<\/li>\n<li>Novotel Bordeaux Centre: 120 EUR per night<\/li>\n<li>Ibis Budget Bordeaux Centre Meriadeck : 53 EUR per night<\/li>\n<\/ul>\n<p>Please be sure to specify your participation in the NEUBIAS conference to benefit from the negotiated room rate.<\/p>\n<p>Click on this link (image) to access the details for those hotels:<\/p>\n<p><a href=\"https:\/\/secure.accorhotels.com\/store\/index.html#\/en\/hotels?dateIn=2020-03-03&amp;adults=1&amp;origin=accorhotels&amp;q=1281,1023,0950,2576,6643&amp;children=&amp;nights=1&amp;tksToHighlight=CNRS20\" target=\"_blank\" rel=\"http:\/\/www.accorhotels.com\/lien_externe.svlt?goto=rech_resa&amp;destination=1281,1023,0950,2576,6643&amp;sourceid=CNRS20&amp;dayIn=03&amp;monthIn=03&amp;yearIn=2020&amp;nightNb=1&amp;preferredCode=CNRS20&amp;merchantid=par-accorFR&amp;xtor=ADC-5009 noopener\"><img class=\"alignnone wp-image-6985 size-medium\" src=\"http:\/\/eubias.org\/NEUBIAS\/wp-content\/uploads\/2019\/10\/AccordImage-300x67.jpg\" alt=\"\" width=\"300\" height=\"67\" srcset=\"https:\/\/eubias.org\/NEUBIAS\/wp-content\/uploads\/2019\/10\/AccordImage-300x67.jpg 300w, https:\/\/eubias.org\/NEUBIAS\/wp-content\/uploads\/2019\/10\/AccordImage.jpg 374w\" sizes=\"(max-width: 300px) 100vw, 300px\" \/><\/a><\/p>\n<p>&nbsp;<\/p>\n<p>Here is a list of other hotels located in the historic center of Bordeaux city (quartiers des \"Grands hommes\", \"Quinconces\", \"H\u00f4tel de ville\" and \"M\u00e9riadeck\"). All are close to the tramway stops of line A (direction Le Haillan-Rostan \/ Pin Galant - Stops: H\u00f4pital Pellegrin, Saint-Augustin, Fran\u00e7ois Mitterand) and line B (direction Pessac Centre\/Pessac Alouette \u2013 Stop: Arts et M\u00e9tiers):<\/p>\n<p><a href=\"http:\/\/www.hotel-france-bordeaux.fr\/\">H\u00f4tel de France **<\/a><\/p>\n<p><a href=\"http:\/\/www.hotel-gambetta.com\/\">H\u00f4tel Gambetta **<\/a><\/p>\n<p><a href=\"http:\/\/www.hotelscombined.fr\/Hotel\/Hotel_La_Porte_Dijeaux.htm\">H\u00f4tel la Porte Dijeaux **<\/a><\/p>\n<p><a href=\"http:\/\/www.hotel-bordeaux-centre.com\/fr\/pages\/hotel-des-4-soeurs\/3\/\">H\u00f4tel des 4 S\u0153urs **<\/a><\/p>\n<p><a href=\"http:\/\/www.hotel-bordeaux-centre.com\/fr\/pages\/hotel-de-l-opera\/4\/\">H\u00f4tel de l'Op\u00e9ra **<\/a><\/p>\n<p><a href=\"http:\/\/www.chantry-bordeaux.com\/\">H\u00f4tel Le Chantry **<\/a><\/p>\n<p><a href=\"http:\/\/citadines-bordeaux-meriadeck.hoteldebordeaux.net\/fr\/\">Citadines Centre M\u00e9riadeck Bordeaux ***<\/a><\/p>\n<p><a href=\"http:\/\/www.ibis.com\/fr\/hotel-7368-ibis-styles-bordeaux-meriadeck-ex-all-seasons\/index.shtml\">H\u00f4tel Ibis style Bordeaux M\u00e9riadeck ***<\/a><\/p>\n<p><a href=\"http:\/\/www.hotel-maisondulierre-bordeaux.com\/\">La Maison du Lierre ***<\/a><\/p>\n<p><a href=\"http:\/\/www.accorhotels.com\/fr\/hotel-0950-ibis-bordeaux-centre-meriadeck\/index.shtml\">H\u00f4tel Ibis M\u00e9riadeck ***<\/a><\/p>\n<p><a href=\"http:\/\/www.bordeaux-hotel.com\/\">Best Western Bordeaux-Bayonne Etche Ona ***<\/a><\/p>\n<p><a href=\"http:\/\/www.accorhotels.com\/fr\/hotel-6643-adagio-bordeaux-gambetta\/index.shtml\">Adagio Bordeaux Gambetta ****<\/a><\/p>\n<p><a href=\"http:\/\/www.mamashelter.com\/fr\/bordeaux\/\">Mama Shelter<\/a><\/p>\n<\/div>\n<\/div><\/div><div id=\"panel-6916-2-0-1\" class=\"so-panel widget widget_sow-editor\" data-index=\"4\" ><div\n\t\t\t\n\t\t\tclass=\"so-widget-sow-editor so-widget-sow-editor-base\"\n\t\t\t\n\t\t><h3 class=\"widget-title\">Flying to Bordeaux<\/h3>\n<div class=\"siteorigin-widget-tinymce textwidget\">\n\t<p>The organization has secured possible discounts if you travel with Air France or KLM.<\/p>\n<p><a href=\"http:\/\/eubias.org\/NEUBIAS\/wp-content\/uploads\/2019\/10\/AFlogo.png\"><img loading=\"lazy\" class=\"alignnone size-medium wp-image-6986\" src=\"http:\/\/eubias.org\/NEUBIAS\/wp-content\/uploads\/2019\/10\/AFlogo-300x66.png\" alt=\"\" width=\"300\" height=\"66\" srcset=\"https:\/\/eubias.org\/NEUBIAS\/wp-content\/uploads\/2019\/10\/AFlogo-300x66.png 300w, https:\/\/eubias.org\/NEUBIAS\/wp-content\/uploads\/2019\/10\/AFlogo.png 400w\" sizes=\"(max-width: 300px) 100vw, 300px\" \/><\/a><\/p>\n<p><strong>Attractive discounts, up to -15%, on a wide range of public fares on all AIR FRANCE, KLM and their code-shared flights worldwide.<\/strong><\/p>\n<p>Event: <strong>NEUBIAS Conference 2020 <\/strong><\/p>\n<p>ID Code: <strong>35854AF<\/strong><\/p>\n<p>Travel Valid Period:\u00a0<strong>22\/02\/2020 <\/strong>to\u00a0<strong>13\/03\/2020<\/strong><\/p>\n<p>Event location: <strong>BORDEAUX <\/strong><\/p>\n<p><strong><em>\u00a0<\/em><\/strong><em>Please visit the event website or access directly through <a href=\"http:\/\/globalmeetings.airfranceklm.com\/Search\/promoDefault.aspx?vendor=AFR&amp;promocode=35854AF\">this link <\/a><\/em><u><\/u><\/p>\n<p><strong>Proof of attendance-fare eligibility,<\/strong><\/p>\n<p>At any point of their journey, passengers have to be able to justify the usage of the discounted AIR FRANCE-KLM Global Meetings &amp; Events fares by showing the proof of attendance-fare eligibility document. You will receive this document automatically when you book your tickets on the online booking platform globalmeetings.airfranceklm.com.<\/p>\n<h1>Special thanks<\/h1>\n<p>Discounts on the hotels and flights bookings have been made possible thanks to the help of Florine Guionnet from \u201cBordeaux Convention Bureau\u201d (<a href=\"https:\/\/congres.bordeaux-tourisme.com\/\">https:\/\/congres.bordeaux-tourisme.com\/<\/a> and http:\/\/www.bordeaux-tourisme.com\/)<\/p>\n<p><a href=\"http:\/\/eubias.org\/NEUBIAS\/wp-content\/uploads\/2019\/10\/BDXtourism.png\"><img loading=\"lazy\" class=\"alignnone size-full wp-image-6987\" src=\"http:\/\/eubias.org\/NEUBIAS\/wp-content\/uploads\/2019\/10\/BDXtourism.png\" alt=\"\" width=\"203\" height=\"115\" \/><\/a><\/p>\n<\/div>\n<\/div><\/div><div id=\"panel-6916-2-0-2\" class=\"so-panel widget widget_sow-editor panel-last-child\" data-index=\"5\" ><div\n\t\t\t\n\t\t\tclass=\"so-widget-sow-editor so-widget-sow-editor-base\"\n\t\t\t\n\t\t><h3 class=\"widget-title\">Gala Dinner<\/h3>\n<div class=\"siteorigin-widget-tinymce textwidget\">\n\t<p>Gala dinner will be held in the \u201cCh\u00e2teau Lafitte Laguens\u201d, offering a magnificent panoramic view of the vineyard and located 15 km from Bordeaux. Bus transfer will be arranged by the organization.<\/p>\n<p><a href=\"https:\/\/chateau-lafitte.fr\/\">https:\/\/chateau-lafitte.fr\/<\/a><\/p>\n<p>EUR 50 - Academic participant, not included in basic registration.<\/p>\n<p>EUR 100 - Industrial participant, not included in regular\/sponsors registration.<\/p>\n<\/div>\n<\/div><\/div><\/div><\/div><div id=\"pg-6916-3\"  class=\"panel-grid panel-no-style\" ><div id=\"pgc-6916-3-0\"  class=\"panel-grid-cell\" ><div id=\"panel-6916-3-0-0\" class=\"so-panel widget widget_sow-editor panel-first-child panel-last-child\" data-index=\"6\" ><div\n\t\t\t\n\t\t\tclass=\"so-widget-sow-editor so-widget-sow-editor-base\"\n\t\t\t\n\t\t><h3 class=\"widget-title\">Organisation Teams<\/h3>\n<div class=\"siteorigin-widget-tinymce textwidget\">\n\t<p><span style=\"font-size: 14pt; color: #993300;\"><strong>Local Organisers<\/strong><\/span><\/p>\n<p><span style=\"font-size: 12pt;\">The event is organised and hosted by <strong>Dr. Fabrice Cordeli\u00e8res<\/strong>, <a href=\"http:\/\/www.bic.u-bordeaux.fr\/\">Bordeaux Imaging Center<\/a>, and <strong>Dr. Florian Levet<\/strong>, <a href=\"http:\/\/www.iins.u-bordeaux.fr\/\">IINS<\/a>. <\/span><\/p>\n<p><span style=\"font-size: 12pt;\">The local organisation team can be reached at any time per email to neubias(dot)bordeaux(at)gmail(dot)com<br \/>\n<\/span><\/p>\n<p>Questions about Symposium registration can be addressed directly to the Symposium Secretariat: neubias2020-registration(at)<wbr><\/wbr>sudcongresconseil(dot)com<\/p>\n<p><span style=\"font-size: 14pt; color: #993300;\"><strong>Scientific Organisers<\/strong><\/span><\/p>\n<p><span style=\"font-size: 12pt;\"><strong>Sebastian Munck<\/strong> - Conference<strong>\/<\/strong>Symposium Organisation - NEUBIAS WG1 Lead<\/span><\/p>\n<p><span style=\"font-size: 12pt;\"><strong>Florian Levet<\/strong> - Open-Source Software Lounge Organization- - NEUBIAS WG1 co-Lead<br \/>\n<\/span><\/p>\n<p><strong>Jan Eglinger<\/strong> - Call4Help Organization<\/p>\n<p><span style=\"font-size: 12pt;\"><strong>Szymon Stoma\/Laure Plantard<\/strong> - Call4Help Support team<br \/>\n<\/span><\/p>\n<p><span style=\"font-size: 12pt;\"><strong>Kota Miura<\/strong>- Training school TS #15 Organiser (for Bioimage Analysts) - NEUBIAS vice-chair<\/span><\/p>\n<p><strong>Marion Louveaux -<\/strong> Training school TS #15 Scientific Organisation (for Bioimage Analysts)<\/p>\n<p><span style=\"font-size: 12pt;\"><strong>Christian Tischer \/ Gaby Martins \/ Fabrice Cordeli\u00e8res<\/strong> - TS #14 Organisers (for Early Career Investigators) - NEUBIAS WG2 Lead\/CoLead<br \/>\n<\/span><\/p>\n<p><strong>Christian Tischer \/ <\/strong><strong> Elnaz Fazeli \/ <\/strong><strong>Romain Guiet<\/strong> - TS #14 Scientific Program (for Early Career Investigators)<\/p>\n<p><span style=\"font-size: 12pt;\"><strong>Perrine Paul-Gilloteaux\/Chong Zhang<\/strong> - Taggathon \"Webtool\" Organization - NEUBIAS WG4 Lead\/CoLead<\/span><\/p>\n<p><span style=\"font-size: 12pt;\"><strong>S\u00e9bastien Tosi \/ Rapha\u00ebl Mar\u00e9e<\/strong> - Taggathon \"Benchmarking\" Organization - NEUBIAS WG5 Lead<\/span><\/p>\n<p><span style=\"font-size: 12pt;\"><strong>Julien Colombelli<\/strong> - Conference Coordination - NEUBIAS Chair<\/span><\/p>\n<p><span style=\"font-size: 14pt; color: #993300;\"><strong>Scientific Committee<br \/>\n<\/strong><\/span><\/p>\n<p><span style=\"font-size: 12pt;\">Daniel Sage, Arrate Mu\u00f1oz-Barrutia, Nata\u0161a Sladoje, Si\u00e2n Culley, Charles Kervrann, Robert Hasse, <\/span><\/p>\n<p><span style=\"font-size: 12pt;\">Anne Carpenter, <\/span><span style=\"font-size: 12pt;\">Fabrice Cordeli\u00e8res, Florian Levet, Sebastian Munck, Julien Colombelli, Perrine Paul-Gilloteaux.<\/span><\/p>\n<\/div>\n<\/div><\/div><\/div><\/div><\/div>","protected":false},"excerpt":{"rendered":"<p>Bordeaux is a port city on the Garonne in the Gironde department in Southwestern France. Awarded for the 5th consecutive times in 2018 as the most attractive town in France, Bordeaux remains a prominent powerhouse and exercises significant influence on the world wine industry. Bordeaux wine has been produced in the region since the 8th century. The historic part of the city is on the UNESCO World Heritage List as &#8220;an outstanding urban and architectural [&hellip;]<\/p>\n","protected":false},"author":8,"featured_media":0,"parent":6650,"menu_order":1,"comment_status":"closed","ping_status":"closed","template":"","meta":[],"yoast_head":"<!-- This site is optimized with the Yoast SEO plugin v20.6 - https:\/\/yoast.com\/wordpress\/plugins\/seo\/ -->\n<title>Venues &amp; Organisation - NEUBIAS: Network of BioImage Analysts<\/title>\n<meta name=\"robots\" content=\"index, follow, max-snippet:-1, max-image-preview:large, max-video-preview:-1\" \/>\n<link rel=\"canonical\" href=\"https:\/\/eubias.org\/NEUBIAS\/neubias2020-conference\/bordeaux-2020\/venue-bordeaux-2020\/\" \/>\n<meta name=\"twitter:label1\" content=\"Est. reading time\" \/>\n\t<meta name=\"twitter:data1\" content=\"5 minutes\" \/>\n<script type=\"application\/ld+json\" class=\"yoast-schema-graph\">{\"@context\":\"https:\/\/schema.org\",\"@graph\":[{\"@type\":\"WebPage\",\"@id\":\"https:\/\/eubias.org\/NEUBIAS\/neubias2020-conference\/bordeaux-2020\/venue-bordeaux-2020\/\",\"url\":\"https:\/\/eubias.org\/NEUBIAS\/neubias2020-conference\/bordeaux-2020\/venue-bordeaux-2020\/\",\"name\":\"Venues & Organisation - NEUBIAS: Network of BioImage Analysts\",\"isPartOf\":{\"@id\":\"https:\/\/eubias.org\/NEUBIAS\/#website\"},\"datePublished\":\"2019-09-20T13:02:13+00:00\",\"dateModified\":\"2020-02-11T09:40:39+00:00\",\"breadcrumb\":{\"@id\":\"https:\/\/eubias.org\/NEUBIAS\/neubias2020-conference\/bordeaux-2020\/venue-bordeaux-2020\/#breadcrumb\"},\"inLanguage\":\"en-US\",\"potentialAction\":[{\"@type\":\"ReadAction\",\"target\":[\"https:\/\/eubias.org\/NEUBIAS\/neubias2020-conference\/bordeaux-2020\/venue-bordeaux-2020\/\"]}]},{\"@type\":\"BreadcrumbList\",\"@id\":\"https:\/\/eubias.org\/NEUBIAS\/neubias2020-conference\/bordeaux-2020\/venue-bordeaux-2020\/#breadcrumb\",\"itemListElement\":[{\"@type\":\"ListItem\",\"position\":1,\"name\":\"Accueil\",\"item\":\"https:\/\/eubias.org\/NEUBIAS\/\"},{\"@type\":\"ListItem\",\"position\":2,\"name\":\"Conferences\",\"item\":\"https:\/\/eubias.org\/NEUBIAS\/neubias2020-conference\/\"},{\"@type\":\"ListItem\",\"position\":3,\"name\":\"Bordeaux, France 2020\",\"item\":\"https:\/\/eubias.org\/NEUBIAS\/neubias2020-conference\/bordeaux-2020\/\"},{\"@type\":\"ListItem\",\"position\":4,\"name\":\"Venues &#038; Organisation\"}]},{\"@type\":\"WebSite\",\"@id\":\"https:\/\/eubias.org\/NEUBIAS\/#website\",\"url\":\"https:\/\/eubias.org\/NEUBIAS\/\",\"name\":\"NEUBIAS: Network of BioImage Analysts\",\"description\":\"The Network of European BioImage Analysts to advance life science imaging\",\"potentialAction\":[{\"@type\":\"SearchAction\",\"target\":{\"@type\":\"EntryPoint\",\"urlTemplate\":\"https:\/\/eubias.org\/NEUBIAS\/?s={search_term_string}\"},\"query-input\":\"required name=search_term_string\"}],\"inLanguage\":\"en-US\"}]}<\/script>\n<!-- \/ Yoast SEO plugin. -->","yoast_head_json":{"title":"Venues & Organisation - NEUBIAS: Network of BioImage Analysts","robots":{"index":"index","follow":"follow","max-snippet":"max-snippet:-1","max-image-preview":"max-image-preview:large","max-video-preview":"max-video-preview:-1"},"canonical":"https:\/\/eubias.org\/NEUBIAS\/neubias2020-conference\/bordeaux-2020\/venue-bordeaux-2020\/","twitter_misc":{"Est. reading time":"5 minutes"},"schema":{"@context":"https:\/\/schema.org","@graph":[{"@type":"WebPage","@id":"https:\/\/eubias.org\/NEUBIAS\/neubias2020-conference\/bordeaux-2020\/venue-bordeaux-2020\/","url":"https:\/\/eubias.org\/NEUBIAS\/neubias2020-conference\/bordeaux-2020\/venue-bordeaux-2020\/","name":"Venues & Organisation - NEUBIAS: Network of BioImage Analysts","isPartOf":{"@id":"https:\/\/eubias.org\/NEUBIAS\/#website"},"datePublished":"2019-09-20T13:02:13+00:00","dateModified":"2020-02-11T09:40:39+00:00","breadcrumb":{"@id":"https:\/\/eubias.org\/NEUBIAS\/neubias2020-conference\/bordeaux-2020\/venue-bordeaux-2020\/#breadcrumb"},"inLanguage":"en-US","potentialAction":[{"@type":"ReadAction","target":["https:\/\/eubias.org\/NEUBIAS\/neubias2020-conference\/bordeaux-2020\/venue-bordeaux-2020\/"]}]},{"@type":"BreadcrumbList","@id":"https:\/\/eubias.org\/NEUBIAS\/neubias2020-conference\/bordeaux-2020\/venue-bordeaux-2020\/#breadcrumb","itemListElement":[{"@type":"ListItem","position":1,"name":"Accueil","item":"https:\/\/eubias.org\/NEUBIAS\/"},{"@type":"ListItem","position":2,"name":"Conferences","item":"https:\/\/eubias.org\/NEUBIAS\/neubias2020-conference\/"},{"@type":"ListItem","position":3,"name":"Bordeaux, France 2020","item":"https:\/\/eubias.org\/NEUBIAS\/neubias2020-conference\/bordeaux-2020\/"},{"@type":"ListItem","position":4,"name":"Venues &#038; Organisation"}]},{"@type":"WebSite","@id":"https:\/\/eubias.org\/NEUBIAS\/#website","url":"https:\/\/eubias.org\/NEUBIAS\/","name":"NEUBIAS: Network of BioImage Analysts","description":"The Network of European BioImage Analysts to advance life science imaging","potentialAction":[{"@type":"SearchAction","target":{"@type":"EntryPoint","urlTemplate":"https:\/\/eubias.org\/NEUBIAS\/?s={search_term_string}"},"query-input":"required name=search_term_string"}],"inLanguage":"en-US"}]}},"_links":{"self":[{"href":"https:\/\/eubias.org\/NEUBIAS\/wp-json\/wp\/v2\/pages\/6916"}],"collection":[{"href":"https:\/\/eubias.org\/NEUBIAS\/wp-json\/wp\/v2\/pages"}],"about":[{"href":"https:\/\/eubias.org\/NEUBIAS\/wp-json\/wp\/v2\/types\/page"}],"author":[{"embeddable":true,"href":"https:\/\/eubias.org\/NEUBIAS\/wp-json\/wp\/v2\/users\/8"}],"replies":[{"embeddable":true,"href":"https:\/\/eubias.org\/NEUBIAS\/wp-json\/wp\/v2\/comments?post=6916"}],"version-history":[{"count":0,"href":"https:\/\/eubias.org\/NEUBIAS\/wp-json\/wp\/v2\/pages\/6916\/revisions"}],"up":[{"embeddable":true,"href":"https:\/\/eubias.org\/NEUBIAS\/wp-json\/wp\/v2\/pages\/6650"}],"wp:attachment":[{"href":"https:\/\/eubias.org\/NEUBIAS\/wp-json\/wp\/v2\/media?parent=6916"}],"curies":[{"name":"wp","href":"https:\/\/api.w.org\/{rel}","templated":true}]}}