{"id":9085,"date":"2023-02-21T02:21:34","date_gmt":"2023-02-21T01:21:34","guid":{"rendered":"https:\/\/eubias.org\/NEUBIAS\/?page_id=9085"},"modified":"2023-03-18T12:34:59","modified_gmt":"2023-03-18T11:34:59","slug":"venue-porto-2023","status":"publish","type":"page","link":"https:\/\/eubias.org\/NEUBIAS\/neubias2020-conference\/portugal-2023\/venue-porto-2023\/","title":{"rendered":"Venue"},"content":{"rendered":"<div id=\"pl-9085\"  class=\"panel-layout\" ><div id=\"pg-9085-0\"  class=\"panel-grid panel-no-style\" ><div id=\"pgc-9085-0-0\"  class=\"panel-grid-cell\" ><div id=\"panel-9085-0-0-0\" class=\"so-panel widget widget_sow-editor panel-first-child panel-last-child\" data-index=\"0\" ><div\n\t\t\t\n\t\t\tclass=\"so-widget-sow-editor so-widget-sow-editor-base\"\n\t\t\t\n\t\t><h3 class=\"widget-title\">Porto<\/h3>\n<div class=\"siteorigin-widget-tinymce textwidget\">\n\t\n<p>Porto is located along the Douro river estuary in northern Portugal, Porto is one of the oldest European centres. Its location settlement dates back many centuries when it was an outpost of the Roman Empire. Its Latin name \"Portus Cale\" has been referred to as the origin of the name \u201cPortugal\u201d.<br \/>\nPorto\u2019s Historical Centre is a UNESCO World Heritage Site. The city is traditional and historical, but also contemporary, which can be seen in its streets, its monuments, and its museums. Icons such as \u201cSerralves\u201d or \u201cCasa da M\u00fasica\u201d and a regular agenda of music, art, and sports events stand witness to urban space, in constant movement. One of Portugal\u2019s internationally famous exports is port wine, produced exclusively in the Douro region and aged in cellars.<\/p>\n<p>The i3S \u2013 Instituto de Investiga\u00e7\u00e3o e Inova\u00e7\u00e3o em Sa\u00fade - University of Porto is a world-leading research institution for trans-disciplinary Health Sciences. Its mission lies in promoting the development of science and technology while creating an environment that feeds real breakthrough research and accelerates the translation of discoveries into clinical applications. i3S offers three Integrative Programs: Cancer, Host Response &amp; Interaction, and Neurobiology &amp; Neurologic Disease, and encompasses 68 research groups and over 1000 researchers.<\/p>\n<p>Address: Rua Alfredo Allen, 208; 4200-135 Porto, Portugal<br \/>\nSite:\u00a0<a href=\"http:\/\/www.i3s.up.pt\/\">http:\/\/www.i3s.up.pt<\/a><br \/>\nGoogle map link:\u00a0<a href=\"https:\/\/goo.gl\/maps\/yvstCwa8Wmp\">https:\/\/goo.gl\/maps\/yvstCwa8Wmp<\/a><\/p>\n<p>Join us for the NEUBIAS conference in Porto and explore the many attractions we have to offer!<\/p>\n<\/div>\n<\/div><\/div><\/div><div id=\"pgc-9085-0-1\"  class=\"panel-grid-cell\" ><div id=\"panel-9085-0-1-0\" class=\"so-panel widget widget_sow-image panel-first-child panel-last-child\" data-index=\"1\" ><div class=\"panel-widget-style panel-widget-style-for-9085-0-1-0\" ><div\n\t\t\t\n\t\t\tclass=\"so-widget-sow-image so-widget-sow-image-default-6ec9e3772f75-9085\"\n\t\t\t\n\t\t>\n<div class=\"sow-image-container\">\n\t\t<img src=\"https:\/\/eubias.org\/NEUBIAS\/wp-content\/uploads\/2023\/02\/AdobeStock_143324890-768x307.jpeg\" width=\"720\" height=\"288\" srcset=\"https:\/\/eubias.org\/NEUBIAS\/wp-content\/uploads\/2023\/02\/AdobeStock_143324890-768x307.jpeg 768w, https:\/\/eubias.org\/NEUBIAS\/wp-content\/uploads\/2023\/02\/AdobeStock_143324890-300x120.jpeg 300w, https:\/\/eubias.org\/NEUBIAS\/wp-content\/uploads\/2023\/02\/AdobeStock_143324890-1024x410.jpeg 1024w, https:\/\/eubias.org\/NEUBIAS\/wp-content\/uploads\/2023\/02\/AdobeStock_143324890-1536x614.jpeg 1536w, https:\/\/eubias.org\/NEUBIAS\/wp-content\/uploads\/2023\/02\/AdobeStock_143324890-2048x819.jpeg 2048w\" sizes=\"(max-width: 720px) 100vw, 720px\" title=\"Ribeira and Old town of Porto with mirror reflections in the Douro River during evening blue hour, Portugal, Portugal.\" alt=\"\" \t\tclass=\"so-widget-image\"\/>\n\t<\/div>\n\n<\/div><\/div><\/div><\/div><\/div><div id=\"pg-9085-1\"  class=\"panel-grid panel-no-style\" ><div id=\"pgc-9085-1-0\"  class=\"panel-grid-cell\" ><div id=\"panel-9085-1-0-0\" class=\"so-panel widget widget_sow-editor panel-first-child panel-last-child\" data-index=\"2\" ><div\n\t\t\t\n\t\t\tclass=\"so-widget-sow-editor so-widget-sow-editor-base\"\n\t\t\t\n\t\t><h3 class=\"widget-title\">Venue<\/h3>\n<div class=\"siteorigin-widget-tinymce textwidget\">\n\t<p>The 5<sup>th<\/sup> NEUBIAS conference will be hosted by the <strong>Faculty of Psychology and Educational Sciences of the University of Porto <\/strong> (FPCEUP).<\/p>\n<ul>\n<li><strong>Room 254<\/strong> - Defragmentation Training School 2 (8 \u2013 12 May 2023)<\/li>\n<li><strong>Auditorium A2<\/strong> - Symposium (11-12 May 2023)<\/li>\n<\/ul>\n<p><a href=\"https:\/\/eubias.org\/NEUBIAS\/wp-content\/uploads\/2023\/02\/FPCEUP.jpg\"><img fetchpriority=\"high\" class=\"aligncenter size-full wp-image-9097\" src=\"https:\/\/eubias.org\/NEUBIAS\/wp-content\/uploads\/2023\/02\/FPCEUP.jpg\" alt=\"\" width=\"937\" height=\"250\" srcset=\"https:\/\/eubias.org\/NEUBIAS\/wp-content\/uploads\/2023\/02\/FPCEUP.jpg 937w, https:\/\/eubias.org\/NEUBIAS\/wp-content\/uploads\/2023\/02\/FPCEUP-300x80.jpg 300w, https:\/\/eubias.org\/NEUBIAS\/wp-content\/uploads\/2023\/02\/FPCEUP-768x205.jpg 768w\" sizes=\"(max-width: 937px) 100vw, 937px\" \/><\/a><\/p>\n<p>&nbsp;<\/p>\n<\/div>\n<\/div><\/div><\/div><\/div><div id=\"pg-9085-2\"  class=\"panel-grid panel-no-style\" ><div id=\"pgc-9085-2-0\"  class=\"panel-grid-cell\" ><div id=\"panel-9085-2-0-0\" class=\"so-panel widget widget_sow-editor panel-first-child\" data-index=\"3\" ><div\n\t\t\t\n\t\t\tclass=\"so-widget-sow-editor so-widget-sow-editor-base\"\n\t\t\t\n\t\t><h3 class=\"widget-title\">How to get to Porto<\/h3>\n<div class=\"siteorigin-widget-tinymce textwidget\">\n\t<h4><span style=\"text-decoration: underline;\"><span id=\"From_the_airport_to_the_city_center\">From the airport to the city center:<\/span><\/span><\/h4>\n<p>The closest airport to Porto City Center is <a href=\"https:\/\/www.aeroportoporto.pt\/en\/opo\/home\">Francisco S\u00e1 Carneiro International Airport<\/a><\/p>\n<p>The airport is well connected to the city center by the following options:<\/p>\n<ul>\n<li><strong>Metro:\u00a0<\/strong>Line E \u2013 purple| Exit at <strong>Trindade<\/strong><br \/>\nTravel duration: 25 minutes | Ticket Z4: \u20ac 2,15 | More information: <a href=\"http:\/\/www.metrodoporto.pt\/en\">http:\/\/www.metrodoporto.pt<\/a><\/li>\n<li><strong>Bus:\u00a0<\/strong>Bus number 601 | Exit at <strong>Cordoaria<\/strong><br \/>\nTravel duration: 30 minutes | Ticket Z4: \u20ac 2,15 | More information: <a href=\"http:\/\/www.stcp.pt\/en\/travel\/\">http:\/\/www.stcp.pt\/en\/travel<\/a><\/li>\n<li><strong>Taxi:<\/strong>\u00a0Travel duration: 15 minutes | Average price: 30 \u20ac, but luggage and night hours may be charged extra<\/li>\n<li><strong>Shuttle Service:<\/strong> Direct connection to the City Center<br \/>\nTravel duration: 20 minutes | More information: <a href=\"http:\/\/100rumos.com\/\">http:\/\/100rumos.com<\/a><\/li>\n<\/ul>\n<h4><span style=\"text-decoration: underline;\"><span id=\"From_Porto_city_center_to_i3S_and_INESC_TEC\">From Porto City Center to FPCEUP:<\/span><\/span><\/h4>\n<p>The venue is conveniently located close to the city center of Porto, and can be reached by metro:<\/p>\n<ul>\n<li><strong>Line D \u2013 yellow\u00a0<\/strong>(Direction: Hospital S\u00e3o Jo\u00e3o)<\/li>\n<li>Stop at <strong>P\u00f3lo Universit\u00e1rio<\/strong>, the venue is in front of the i3S building<\/li>\n<li>Average time: 10 minutes | Ticket Z2: 1,30 \u20ac | More information: <a href=\"http:\/\/www.metrodoporto.pt\/en\/\">http:\/\/www.metrodoporto.pt\/en\/<\/a><\/li>\n<li>From other metro lines, you can change to <strong>Line D - yellow<\/strong> at the station <strong>Trindade<\/strong><\/li>\n<\/ul>\n<p>Alternatively, the venue can also be reached by bus. More information: <a href=\"https:\/\/www.stcp.pt\/en\/travel\/\">https:\/\/www.stcp.pt\/en\/travel\/<\/a><\/p>\n<p>Tickets for the metro or the bus can be purchased at automatic machines at any metro station.<\/p>\n<p>&nbsp;<\/p>\n<p><a href=\"https:\/\/eubias.org\/NEUBIAS\/wp-content\/uploads\/2023\/02\/metro2.png\"><img class=\"aligncenter size-full wp-image-9106\" src=\"https:\/\/eubias.org\/NEUBIAS\/wp-content\/uploads\/2023\/02\/metro2.png\" alt=\"\" width=\"851\" height=\"500\" srcset=\"https:\/\/eubias.org\/NEUBIAS\/wp-content\/uploads\/2023\/02\/metro2.png 851w, https:\/\/eubias.org\/NEUBIAS\/wp-content\/uploads\/2023\/02\/metro2-300x176.png 300w, https:\/\/eubias.org\/NEUBIAS\/wp-content\/uploads\/2023\/02\/metro2-768x451.png 768w\" sizes=\"(max-width: 851px) 100vw, 851px\" \/><\/a><\/p>\n<\/div>\n<\/div><\/div><div id=\"panel-9085-2-0-1\" class=\"so-panel widget widget_sow-editor panel-last-child\" data-index=\"4\" ><div\n\t\t\t\n\t\t\tclass=\"so-widget-sow-editor so-widget-sow-editor-base\"\n\t\t\t\n\t\t><h3 class=\"widget-title\">Accommodation<\/h3>\n<div class=\"siteorigin-widget-tinymce textwidget\">\n\t<p>Here you can find some suggestions for your accommodation, depending on your preferences.<\/p>\n<p><strong>Walking distance to the venue:<\/strong><\/p>\n<p><a href=\"http:\/\/www.ibis.com\/pt\">IBIS S. JO\u00c3O\u00a0**<\/a><br \/>\n<a href=\"http:\/\/www.hotelportinari.com\/index.php\">PORTINARI\u00a0**<\/a><br \/>\n<a href=\"http:\/\/www.eurostarsoporto.com\/\">EUROSTARS OPORTO HOTEL ****<\/a><br \/>\n<a href=\"http:\/\/www.axishoteis.com\/pt\/Axis-Hoteis\">AXIS PORTO \u2013 BUSINESS &amp; SPA HOTEL ****<\/a><\/p>\n<p><strong>Close to Line D - yellow (Metro)<\/strong><\/p>\n<div class=\"maps_iw__header_block maps_iw__header_block--with_wishlist\">\n<div class=\"maps_iw__header_element\">\n<div class=\"maps_iw__header_hotel_title\"><a href=\"http:\/\/hotelpalanca.pt\/\"> HOTEL PALANCA **<\/a><\/div>\n<div><a href=\"https:\/\/portocityhotel.com\/\">PORTO CITY HOTEL ***<\/a><\/div>\n<\/div>\n<\/div>\n<p><strong>Close to the City Center<\/strong><\/p>\n<p><a href=\"https:\/\/www.veracruzportohotel.pt\/\">VERA CRUZ PORTO DOWNTOWN HOTEL **<\/a><br \/>\n<a href=\"http:\/\/www.paodeacucarhotel.pt\/\">P\u00c3O DE A\u00c7UCAR HOTEL ***<\/a><br \/>\n<a href=\"http:\/\/www.continentalhotels.eu\/site\/hotels\/view\/24.html\">QUALITY INN PORTO ***<\/a><br \/>\n<a href=\"http:\/\/www.portotrindadehotel.com\/formularios.aspx?id=1\">TRINDADE PORTO HOTEL ****<\/a><a href=\"http:\/\/www.portotrindadehotel.com\/formularios.aspx?id=1\">\u00a0<\/a><br \/>\n<a href=\"https:\/\/hotelmoov.com\/\">HOTEL PORTO MOOV CENTRO **<\/a><br \/>\n<a href=\"http:\/\/www.legendaryportohotel.com\/%C2%A0\">LEGENDARY PORTO HOTEL ***<\/a><\/p>\n<p>This list is not intended to be exhaustive. We are sure that you will find the perfect accommodation, from Porto's large selection of good hotels and local accommodations.<strong><br \/>\n<\/strong><\/p>\n<p>&nbsp;<\/p>\n<\/div>\n<\/div><\/div><\/div><\/div><div id=\"pg-9085-3\"  class=\"panel-grid panel-no-style\" ><div id=\"pgc-9085-3-0\"  class=\"panel-grid-cell\" ><div id=\"panel-9085-3-0-0\" class=\"so-panel widget widget_sow-editor panel-first-child panel-last-child\" data-index=\"5\" ><div\n\t\t\t\n\t\t\tclass=\"so-widget-sow-editor so-widget-sow-editor-base\"\n\t\t\t\n\t\t><h3 class=\"widget-title\">Local Organisers<\/h3>\n<div class=\"siteorigin-widget-tinymce textwidget\">\n\t<p><span style=\"font-size: 12pt;\"><strong>Maria Azevedo<\/strong> (<a href=\"https:\/\/www.i3s.up.pt\/\"><strong>i3S<\/strong><\/a>)<strong> and Paula Sampaio (<a href=\"https:\/\/www.i3s.up.pt\/\">i3S<\/a> &amp; <a href=\"https:\/\/ilof.tech\/\">iLoF<\/a>) <\/strong>are the local organisers of NEUBIAS 2023.<strong><br \/>\n<\/strong><\/span><\/p>\n<p><span style=\"font-size: 12pt;\">Do not hesitate to reach the local organization team via email at info@neubiasacademy.org using the subject [PORTO23]<br \/>\n<\/span><\/p>\n<p><span style=\"font-size: 12pt;\">Questions about the registration to the Symposium can be sent to info@neubiasacademy.org using the subject [PORTO23-Registration]<\/span><\/p>\n<\/div>\n<\/div><\/div><\/div><\/div><\/div>","protected":false},"excerpt":{"rendered":"<p>Porto is located along the Douro river estuary in northern Portugal, Porto is one of the oldest European centres. Its location settlement dates back many centuries when it was an outpost of the Roman Empire. Its Latin name &#8220;Portus Cale&#8221; has been referred to as the origin of the name \u201cPortugal\u201d. Porto\u2019s Historical Centre is a UNESCO World Heritage Site. The city is traditional and historical, but also contemporary, which can be seen in its [&hellip;]<\/p>\n","protected":false},"author":11,"featured_media":0,"parent":8974,"menu_order":3,"comment_status":"closed","ping_status":"closed","template":"","meta":[],"yoast_head":"<!-- This site is optimized with the Yoast SEO plugin v20.6 - https:\/\/yoast.com\/wordpress\/plugins\/seo\/ -->\n<title>Venue - NEUBIAS: Network of BioImage Analysts<\/title>\n<meta name=\"robots\" content=\"index, follow, max-snippet:-1, max-image-preview:large, max-video-preview:-1\" \/>\n<link rel=\"canonical\" href=\"https:\/\/eubias.org\/NEUBIAS\/neubias2020-conference\/portugal-2023\/venue-porto-2023\/\" \/>\n<meta name=\"twitter:label1\" content=\"Est. reading time\" \/>\n\t<meta name=\"twitter:data1\" content=\"4 minutes\" \/>\n<script type=\"application\/ld+json\" class=\"yoast-schema-graph\">{\"@context\":\"https:\/\/schema.org\",\"@graph\":[{\"@type\":\"WebPage\",\"@id\":\"https:\/\/eubias.org\/NEUBIAS\/neubias2020-conference\/portugal-2023\/venue-porto-2023\/\",\"url\":\"https:\/\/eubias.org\/NEUBIAS\/neubias2020-conference\/portugal-2023\/venue-porto-2023\/\",\"name\":\"Venue - NEUBIAS: Network of BioImage Analysts\",\"isPartOf\":{\"@id\":\"https:\/\/eubias.org\/NEUBIAS\/#website\"},\"datePublished\":\"2023-02-21T01:21:34+00:00\",\"dateModified\":\"2023-03-18T11:34:59+00:00\",\"breadcrumb\":{\"@id\":\"https:\/\/eubias.org\/NEUBIAS\/neubias2020-conference\/portugal-2023\/venue-porto-2023\/#breadcrumb\"},\"inLanguage\":\"en-US\",\"potentialAction\":[{\"@type\":\"ReadAction\",\"target\":[\"https:\/\/eubias.org\/NEUBIAS\/neubias2020-conference\/portugal-2023\/venue-porto-2023\/\"]}]},{\"@type\":\"BreadcrumbList\",\"@id\":\"https:\/\/eubias.org\/NEUBIAS\/neubias2020-conference\/portugal-2023\/venue-porto-2023\/#breadcrumb\",\"itemListElement\":[{\"@type\":\"ListItem\",\"position\":1,\"name\":\"Accueil\",\"item\":\"https:\/\/eubias.org\/NEUBIAS\/\"},{\"@type\":\"ListItem\",\"position\":2,\"name\":\"Conferences\",\"item\":\"https:\/\/eubias.org\/NEUBIAS\/neubias2020-conference\/\"},{\"@type\":\"ListItem\",\"position\":3,\"name\":\"Porto, Portugal 2023\",\"item\":\"https:\/\/eubias.org\/NEUBIAS\/neubias2020-conference\/portugal-2023\/\"},{\"@type\":\"ListItem\",\"position\":4,\"name\":\"Venue\"}]},{\"@type\":\"WebSite\",\"@id\":\"https:\/\/eubias.org\/NEUBIAS\/#website\",\"url\":\"https:\/\/eubias.org\/NEUBIAS\/\",\"name\":\"NEUBIAS: Network of BioImage Analysts\",\"description\":\"The Network of European BioImage Analysts to advance life science imaging\",\"potentialAction\":[{\"@type\":\"SearchAction\",\"target\":{\"@type\":\"EntryPoint\",\"urlTemplate\":\"https:\/\/eubias.org\/NEUBIAS\/?s={search_term_string}\"},\"query-input\":\"required name=search_term_string\"}],\"inLanguage\":\"en-US\"}]}<\/script>\n<!-- \/ Yoast SEO plugin. -->","yoast_head_json":{"title":"Venue - NEUBIAS: Network of BioImage Analysts","robots":{"index":"index","follow":"follow","max-snippet":"max-snippet:-1","max-image-preview":"max-image-preview:large","max-video-preview":"max-video-preview:-1"},"canonical":"https:\/\/eubias.org\/NEUBIAS\/neubias2020-conference\/portugal-2023\/venue-porto-2023\/","twitter_misc":{"Est. reading time":"4 minutes"},"schema":{"@context":"https:\/\/schema.org","@graph":[{"@type":"WebPage","@id":"https:\/\/eubias.org\/NEUBIAS\/neubias2020-conference\/portugal-2023\/venue-porto-2023\/","url":"https:\/\/eubias.org\/NEUBIAS\/neubias2020-conference\/portugal-2023\/venue-porto-2023\/","name":"Venue - NEUBIAS: Network of BioImage Analysts","isPartOf":{"@id":"https:\/\/eubias.org\/NEUBIAS\/#website"},"datePublished":"2023-02-21T01:21:34+00:00","dateModified":"2023-03-18T11:34:59+00:00","breadcrumb":{"@id":"https:\/\/eubias.org\/NEUBIAS\/neubias2020-conference\/portugal-2023\/venue-porto-2023\/#breadcrumb"},"inLanguage":"en-US","potentialAction":[{"@type":"ReadAction","target":["https:\/\/eubias.org\/NEUBIAS\/neubias2020-conference\/portugal-2023\/venue-porto-2023\/"]}]},{"@type":"BreadcrumbList","@id":"https:\/\/eubias.org\/NEUBIAS\/neubias2020-conference\/portugal-2023\/venue-porto-2023\/#breadcrumb","itemListElement":[{"@type":"ListItem","position":1,"name":"Accueil","item":"https:\/\/eubias.org\/NEUBIAS\/"},{"@type":"ListItem","position":2,"name":"Conferences","item":"https:\/\/eubias.org\/NEUBIAS\/neubias2020-conference\/"},{"@type":"ListItem","position":3,"name":"Porto, Portugal 2023","item":"https:\/\/eubias.org\/NEUBIAS\/neubias2020-conference\/portugal-2023\/"},{"@type":"ListItem","position":4,"name":"Venue"}]},{"@type":"WebSite","@id":"https:\/\/eubias.org\/NEUBIAS\/#website","url":"https:\/\/eubias.org\/NEUBIAS\/","name":"NEUBIAS: Network of BioImage Analysts","description":"The Network of European BioImage Analysts to advance life science imaging","potentialAction":[{"@type":"SearchAction","target":{"@type":"EntryPoint","urlTemplate":"https:\/\/eubias.org\/NEUBIAS\/?s={search_term_string}"},"query-input":"required name=search_term_string"}],"inLanguage":"en-US"}]}},"_links":{"self":[{"href":"https:\/\/eubias.org\/NEUBIAS\/wp-json\/wp\/v2\/pages\/9085"}],"collection":[{"href":"https:\/\/eubias.org\/NEUBIAS\/wp-json\/wp\/v2\/pages"}],"about":[{"href":"https:\/\/eubias.org\/NEUBIAS\/wp-json\/wp\/v2\/types\/page"}],"author":[{"embeddable":true,"href":"https:\/\/eubias.org\/NEUBIAS\/wp-json\/wp\/v2\/users\/11"}],"replies":[{"embeddable":true,"href":"https:\/\/eubias.org\/NEUBIAS\/wp-json\/wp\/v2\/comments?post=9085"}],"version-history":[{"count":47,"href":"https:\/\/eubias.org\/NEUBIAS\/wp-json\/wp\/v2\/pages\/9085\/revisions"}],"predecessor-version":[{"id":9239,"href":"https:\/\/eubias.org\/NEUBIAS\/wp-json\/wp\/v2\/pages\/9085\/revisions\/9239"}],"up":[{"embeddable":true,"href":"https:\/\/eubias.org\/NEUBIAS\/wp-json\/wp\/v2\/pages\/8974"}],"wp:attachment":[{"href":"https:\/\/eubias.org\/NEUBIAS\/wp-json\/wp\/v2\/media?parent=9085"}],"curies":[{"name":"wp","href":"https:\/\/api.w.org\/{rel}","templated":true}]}}