{"id":912,"date":"2016-08-17T09:39:09","date_gmt":"2016-08-17T08:39:09","guid":{"rendered":"http:\/\/eubias.org\/NEUBIAS\/?page_id=912"},"modified":"2023-02-17T12:34:50","modified_gmt":"2023-02-17T11:34:50","slug":"neubias2020-conference","status":"publish","type":"page","link":"https:\/\/eubias.org\/NEUBIAS\/neubias2020-conference\/","title":{"rendered":"Conferences"},"content":{"rendered":"<div id=\"pl-912\"  class=\"panel-layout\" ><div id=\"pg-912-0\"  class=\"panel-grid panel-no-style\" ><div id=\"pgc-912-0-0\"  class=\"panel-grid-cell\" ><div id=\"panel-912-0-0-0\" class=\"so-panel widget widget_sow-editor panel-first-child panel-last-child\" data-index=\"0\" ><div\n\t\t\t\n\t\t\tclass=\"so-widget-sow-editor so-widget-sow-editor-base\"\n\t\t\t\n\t\t><h3 class=\"widget-title\">NEUBIAS Conference Series<\/h3>\n<div class=\"siteorigin-widget-tinymce textwidget\">\n\t<p><strong>NEUBIAS Conference <\/strong>is a new series of annual international Conference centered on BioImage Analysis.<\/p>\n<p><strong>From 2023<\/strong>, the conference will resume with a similar format, trying to combine a<strong> training school<\/strong> and a <strong>Symposium<\/strong> when possible.<\/p>\n<p><strong>NEUBIAS Conference <\/strong>reflects the need to foster the networking between image analysis developments and their end-users.<\/p>\n<p>It brings together Life-Scientists, BioImage Analysts, Image Analysis Software developers and other Core Facilities Specialists (e.g. Microscopists) to bridge the gap between BioImage Analysis developments and know-how, and their use in Life Science. It aims to be a forum to exchange the newest findings, applications and cutting-edge developments in BioImage Analysis, machine learning, data mining and storage.<\/p>\n<\/div>\n<\/div><\/div><\/div><\/div><div id=\"pg-912-1\"  class=\"panel-grid panel-no-style\" ><div id=\"pgc-912-1-0\"  class=\"panel-grid-cell\" ><div id=\"panel-912-1-0-0\" class=\"so-panel widget widget_sow-editor panel-first-child\" data-index=\"1\" ><div\n\t\t\t\n\t\t\tclass=\"so-widget-sow-editor so-widget-sow-editor-base\"\n\t\t\t\n\t\t><h3 class=\"widget-title\">Upcoming Conference<\/h3>\n<div class=\"siteorigin-widget-tinymce textwidget\">\n\t<\/div>\n<\/div><\/div><div id=\"panel-912-1-0-1\" class=\"so-panel widget widget_sow-image panel-last-child\" data-index=\"2\" ><div\n\t\t\t\n\t\t\tclass=\"so-widget-sow-image so-widget-sow-image-default-8b5b6f678277-912\"\n\t\t\t\n\t\t>\n<div class=\"sow-image-container\">\n\t\t<img src=\"https:\/\/eubias.org\/NEUBIAS\/wp-content\/uploads\/2023\/02\/banner_savethedates3-01.jpg\" width=\"980\" height=\"328\" srcset=\"https:\/\/eubias.org\/NEUBIAS\/wp-content\/uploads\/2023\/02\/banner_savethedates3-01.jpg 980w, https:\/\/eubias.org\/NEUBIAS\/wp-content\/uploads\/2023\/02\/banner_savethedates3-01-300x100.jpg 300w, https:\/\/eubias.org\/NEUBIAS\/wp-content\/uploads\/2023\/02\/banner_savethedates3-01-768x257.jpg 768w\" sizes=\"(max-width: 980px) 100vw, 980px\" alt=\"\" \t\tclass=\"so-widget-image\"\/>\n\t<\/div>\n\n<\/div><\/div><\/div><\/div><div id=\"pg-912-2\"  class=\"panel-grid panel-no-style\" ><div id=\"pgc-912-2-0\"  class=\"panel-grid-cell panel-grid-cell-mobile-last\" ><div id=\"panel-912-2-0-0\" class=\"so-panel widget widget_sow-editor panel-first-child panel-last-child\" data-index=\"3\" ><div\n\t\t\t\n\t\t\tclass=\"so-widget-sow-editor so-widget-sow-editor-base\"\n\t\t\t\n\t\t><h3 class=\"widget-title\">Past Conferences<\/h3>\n<div class=\"siteorigin-widget-tinymce textwidget\">\n\t<\/div>\n<\/div><\/div><\/div><div id=\"pgc-912-2-1\"  class=\"panel-grid-cell panel-grid-cell-empty\" ><\/div><\/div><div id=\"pg-912-3\"  class=\"panel-grid panel-no-style\" ><div id=\"pgc-912-3-0\"  class=\"panel-grid-cell\" ><div id=\"panel-912-3-0-0\" class=\"so-panel widget widget_sow-editor panel-first-child\" data-index=\"4\" ><div\n\t\t\t\n\t\t\tclass=\"so-widget-sow-editor so-widget-sow-editor-base\"\n\t\t\t\n\t\t><h3 class=\"widget-title\">NEUBIAS 2020 Conference Series<\/h3>\n<div class=\"siteorigin-widget-tinymce textwidget\">\n\t<p><strong>From 2016-2020, NEUBIAS Conference<\/strong> was the major annual gathering of NEUBIAS, a COST Action gathering 42 European countries and International Partner Countries, and aimed to bring together ~250 scientists from the BioImage Analysis Community. It included <strong>3 parallel events<\/strong> and a common <strong>Symposium\/Showcase. <\/strong><\/p>\n<p>The event\u00a0combines, in a compact 6-days event:<\/p>\n<ul>\n<li><strong>Two Training schools<\/strong> (on selection),\n<ul>\n<li>For <strong>Early Career Investigators - <em>parallel<\/em>-\u00a0<\/strong><\/li>\n<li>For <strong>BioImage Analysts<\/strong><\/li>\n<\/ul>\n<\/li>\n<li>One\u00a0<strong>Taggathon<\/strong> (working meeting, on invitation)<\/li>\n<li>One<strong> Open Symposium\/Showcase on <em>Bioimage Analysis and Open Tools\u00a0\u00a0\u00a0\u00a0\u00a0\u00a0\u00a0\u00a0\u00a0 <\/em><\/strong><\/li>\n<\/ul>\n<p>The interest and need for image processing in life sciences are strongly growing, a reality that was reflected in the success of seed events like the EUBIAS in Barcelona in October 2013 (<a href=\"http:\/\/eubias2013.irbbarcelona.org\/\">eubias2013.irbbarcelona.org\/<\/a>) and Paris in January 2015 (<a href=\"http:\/\/eubias.org\/eubias2015\/\">eubias.org\/eubias2015<\/a>), from where NEUBIAS project has stemmed and matured.<\/p>\n<\/div>\n<\/div><\/div><div id=\"panel-912-3-0-1\" class=\"so-panel widget widget_sow-editor\" data-index=\"5\" ><div\n\t\t\t\n\t\t\tclass=\"so-widget-sow-editor so-widget-sow-editor-base\"\n\t\t\t\n\t\t><h3 class=\"widget-title\">4th NEUBIAS Conference - Bordeaux, February 29-March 6, 2020<\/h3>\n<div class=\"siteorigin-widget-tinymce textwidget\">\n\t<p><strong><span style=\"color: #ff0000;\"><span style=\"color: #993300;\">The<\/span> <a href=\"https:\/\/eubias.org\/NEUBIAS\/neubias2020-conference\/luxembourg-2019\/\">4th NEUBIAS Conference<\/a>\u00a0<\/span><span style=\"color: #993300;\">will be held on February 29-March 6, 2020 in Bordeaux hosted by Dr. Fabrice Cordeli\u00e8res, <a href=\"http:\/\/www.bic.u-bordeaux.fr\/\">Bordeaux Imaging Center<\/a>, and Dr. Florian Levet, <a href=\"http:\/\/www.iins.u-bordeaux.fr\/\">IINS<\/a>.<br \/>\n<\/span><\/strong><\/p>\n<\/div>\n<\/div><\/div><div id=\"panel-912-3-0-2\" class=\"so-panel widget widget_sow-image\" data-index=\"6\" ><div\n\t\t\t\n\t\t\tclass=\"so-widget-sow-image so-widget-sow-image-default-8b5b6f678277-912\"\n\t\t\t\n\t\t>\n<div class=\"sow-image-container\">\n\t\t\t<a href=\"https:\/\/eubias.org\/NEUBIAS\/neubias2020-conference\/bordeaux-2020\/\"\n\t\t\t\t\t>\n\t\t\t<img src=\"https:\/\/eubias.org\/NEUBIAS\/wp-content\/uploads\/2020\/01\/PosterV6.jpg\" width=\"1269\" height=\"1768\" srcset=\"https:\/\/eubias.org\/NEUBIAS\/wp-content\/uploads\/2020\/01\/PosterV6.jpg 1269w, https:\/\/eubias.org\/NEUBIAS\/wp-content\/uploads\/2020\/01\/PosterV6-215x300.jpg 215w, https:\/\/eubias.org\/NEUBIAS\/wp-content\/uploads\/2020\/01\/PosterV6-735x1024.jpg 735w, https:\/\/eubias.org\/NEUBIAS\/wp-content\/uploads\/2020\/01\/PosterV6-768x1070.jpg 768w, https:\/\/eubias.org\/NEUBIAS\/wp-content\/uploads\/2020\/01\/PosterV6-1102x1536.jpg 1102w\" sizes=\"(max-width: 1269px) 100vw, 1269px\" title=\"Poster Bordeaux 2020\" alt=\"\" \t\tclass=\"so-widget-image\"\/>\n\t<\/a><\/div>\n\n<\/div><\/div><div id=\"panel-912-3-0-3\" class=\"so-panel widget widget_sow-editor\" data-index=\"7\" ><div\n\t\t\t\n\t\t\tclass=\"so-widget-sow-editor so-widget-sow-editor-base\"\n\t\t\t\n\t\t><h3 class=\"widget-title\">3rd NEUBIAS Conference - Luxembourg, 2-8 Feb 2019<\/h3>\n<div class=\"siteorigin-widget-tinymce textwidget\">\n\t<p><strong><span style=\"color: #ff0000;\"><span style=\"color: #993300;\">The<\/span> <a href=\"https:\/\/eubias.org\/NEUBIAS\/neubias2020-conference\/luxembourg-2019\/\">third NEUBIAS Conference<\/a>\u00a0<\/span><span style=\"color: #993300;\">will be held on February 2-8, 2019 in Luxembourg hosted by the Life Science Research Unit and the Luxembourg Centre for Systems Biomedicine from the University of Luxembourg.<\/span><\/strong><\/p>\n<\/div>\n<\/div><\/div><div id=\"panel-912-3-0-4\" class=\"so-panel widget widget_sow-image\" data-index=\"8\" ><div\n\t\t\t\n\t\t\tclass=\"so-widget-sow-image so-widget-sow-image-default-8b5b6f678277-912\"\n\t\t\t\n\t\t>\n<div class=\"sow-image-container\">\n\t\t\t<a href=\"https:\/\/eubias.org\/NEUBIAS\/neubias2020-conference\/luxembourg-2019\/\"\n\t\t\t\t\t>\n\t\t\t<img src=\"https:\/\/eubias.org\/NEUBIAS\/wp-content\/uploads\/2018\/06\/PosterA3_neubias_2019_luxembourg_with_FNR.jpg\" width=\"1748\" height=\"2480\" srcset=\"https:\/\/eubias.org\/NEUBIAS\/wp-content\/uploads\/2018\/06\/PosterA3_neubias_2019_luxembourg_with_FNR.jpg 1748w, https:\/\/eubias.org\/NEUBIAS\/wp-content\/uploads\/2018\/06\/PosterA3_neubias_2019_luxembourg_with_FNR-211x300.jpg 211w, https:\/\/eubias.org\/NEUBIAS\/wp-content\/uploads\/2018\/06\/PosterA3_neubias_2019_luxembourg_with_FNR-768x1090.jpg 768w, https:\/\/eubias.org\/NEUBIAS\/wp-content\/uploads\/2018\/06\/PosterA3_neubias_2019_luxembourg_with_FNR-722x1024.jpg 722w\" sizes=\"(max-width: 1748px) 100vw, 1748px\" title=\"Poster Luxembourg 2019\" alt=\"\" \t\tclass=\"so-widget-image\"\/>\n\t<\/a><\/div>\n\n<\/div><\/div><div id=\"panel-912-3-0-5\" class=\"so-panel widget widget_sow-editor\" data-index=\"9\" ><div\n\t\t\t\n\t\t\tclass=\"so-widget-sow-editor so-widget-sow-editor-base\"\n\t\t\t\n\t\t><h3 class=\"widget-title\">2nd NEUBIAS Conference - Szeged, Hungary, 27 Jan - 02 Feb 2018<\/h3>\n<div class=\"siteorigin-widget-tinymce textwidget\">\n\t<p><span style=\"color: #993300;\"><strong>The <a href=\"http:\/\/eubias.org\/NEUBIAS\/neubias2020-conference\/szeged-hungary-2018\/\">second\u00a0NEUBIAS Conference<\/a> will be organized and hosted by Dr. Peter Horvath, Principal Investigator at the Biological Research Center (BRC) of the Hungarian Academy of Science, Szeged.\u00a0<\/strong><\/span><\/p>\n<\/div>\n<\/div><\/div><div id=\"panel-912-3-0-6\" class=\"so-panel widget widget_sow-image\" data-index=\"10\" ><div\n\t\t\t\n\t\t\tclass=\"so-widget-sow-image so-widget-sow-image-default-8b5b6f678277-912\"\n\t\t\t\n\t\t>\n<div class=\"sow-image-container\">\n\t\t\t<a href=\"http:\/\/eubias.org\/NEUBIAS\/neubias2020-conference\/symposium2017-lisbon\/\"\n\t\t\t\t\t>\n\t\t\t<img src=\"https:\/\/eubias.org\/NEUBIAS\/wp-content\/uploads\/2017\/05\/NEUBIASconferencePoster_v8.jpg\" width=\"621\" height=\"882\" srcset=\"https:\/\/eubias.org\/NEUBIAS\/wp-content\/uploads\/2017\/05\/NEUBIASconferencePoster_v8.jpg 621w, https:\/\/eubias.org\/NEUBIAS\/wp-content\/uploads\/2017\/05\/NEUBIASconferencePoster_v8-211x300.jpg 211w\" sizes=\"(max-width: 621px) 100vw, 621px\" title=\"ImageJ=1.46a\" alt=\"\" \t\tclass=\"so-widget-image\"\/>\n\t<\/a><\/div>\n\n<\/div><\/div><div id=\"panel-912-3-0-7\" class=\"so-panel widget widget_sow-editor\" data-index=\"11\" ><div\n\t\t\t\n\t\t\tclass=\"so-widget-sow-editor so-widget-sow-editor-base\"\n\t\t\t\n\t\t><h3 class=\"widget-title\">1st NEUBIAS Conference -  Lisbon, Portugal, 12-17 Feb. 2017<\/h3>\n<div class=\"siteorigin-widget-tinymce textwidget\">\n\t<p><strong><span style=\"color: #ff0000;\"><span style=\"color: #993300;\">The<\/span> <a href=\"http:\/\/eubias.org\/NEUBIAS\/?page_id=914\">first NEUBIAS Conference<\/a> <span style=\"color: #800000;\">was<\/span><span style=\"color: #993300;\">\u00a0held on February 12-17th, 2017 in Portugal\u00a0hosted by the Instituto Gulbenkian de Ci\u00eancia and Funda\u00e7\u00e3o Calouste Gulbenkian.<\/span><\/span><\/strong><\/p>\n<\/div>\n<\/div><\/div><div id=\"panel-912-3-0-8\" class=\"so-panel widget widget_sow-image panel-last-child\" data-index=\"12\" ><div\n\t\t\t\n\t\t\tclass=\"so-widget-sow-image so-widget-sow-image-default-8b5b6f678277-912\"\n\t\t\t\n\t\t>\n<div class=\"sow-image-container\">\n\t\t\t<a href=\"http:\/\/eubias.org\/NEUBIAS\/neubias2020-conference\/symposium2017-lisbon\/\"\n\t\t\t\t\t>\n\t\t\t<img src=\"https:\/\/eubias.org\/NEUBIAS\/wp-content\/uploads\/2017\/01\/Poster_v8.jpg\" width=\"2480\" height=\"3525\" srcset=\"https:\/\/eubias.org\/NEUBIAS\/wp-content\/uploads\/2017\/01\/Poster_v8.jpg 2480w, https:\/\/eubias.org\/NEUBIAS\/wp-content\/uploads\/2017\/01\/Poster_v8-211x300.jpg 211w, https:\/\/eubias.org\/NEUBIAS\/wp-content\/uploads\/2017\/01\/Poster_v8-768x1092.jpg 768w, https:\/\/eubias.org\/NEUBIAS\/wp-content\/uploads\/2017\/01\/Poster_v8-720x1024.jpg 720w\" sizes=\"(max-width: 2480px) 100vw, 2480px\" title=\"Poster_Oeiras_v8\" alt=\"\" \t\tclass=\"so-widget-image\"\/>\n\t<\/a><\/div>\n\n<\/div><\/div><\/div><\/div><\/div>","protected":false},"excerpt":{"rendered":"<p>NEUBIAS Conference is a new series of annual international Conference centered on BioImage Analysis. From 2023, the conference will resume with a similar format, trying to combine a training school and a Symposium when possible. NEUBIAS Conference reflects the need to foster the networking between image analysis developments and their end-users. It brings together Life-Scientists, BioImage Analysts, Image Analysis Software developers and other Core Facilities Specialists (e.g. Microscopists) to bridge the gap between BioImage Analysis [&hellip;]<\/p>\n","protected":false},"author":8,"featured_media":0,"parent":0,"menu_order":0,"comment_status":"closed","ping_status":"closed","template":"","meta":[],"yoast_head":"<!-- This site is optimized with the Yoast SEO plugin v20.6 - https:\/\/yoast.com\/wordpress\/plugins\/seo\/ -->\n<title>Conferences - NEUBIAS: Network of BioImage Analysts<\/title>\n<meta name=\"robots\" content=\"index, follow, max-snippet:-1, max-image-preview:large, max-video-preview:-1\" \/>\n<link rel=\"canonical\" href=\"https:\/\/eubias.org\/NEUBIAS\/neubias2020-conference\/\" \/>\n<meta name=\"twitter:label1\" content=\"Est. reading time\" \/>\n\t<meta name=\"twitter:data1\" content=\"2 minutes\" \/>\n<script type=\"application\/ld+json\" class=\"yoast-schema-graph\">{\"@context\":\"https:\/\/schema.org\",\"@graph\":[{\"@type\":\"WebPage\",\"@id\":\"https:\/\/eubias.org\/NEUBIAS\/neubias2020-conference\/\",\"url\":\"https:\/\/eubias.org\/NEUBIAS\/neubias2020-conference\/\",\"name\":\"Conferences - NEUBIAS: Network of BioImage Analysts\",\"isPartOf\":{\"@id\":\"https:\/\/eubias.org\/NEUBIAS\/#website\"},\"datePublished\":\"2016-08-17T08:39:09+00:00\",\"dateModified\":\"2023-02-17T11:34:50+00:00\",\"breadcrumb\":{\"@id\":\"https:\/\/eubias.org\/NEUBIAS\/neubias2020-conference\/#breadcrumb\"},\"inLanguage\":\"en-US\",\"potentialAction\":[{\"@type\":\"ReadAction\",\"target\":[\"https:\/\/eubias.org\/NEUBIAS\/neubias2020-conference\/\"]}]},{\"@type\":\"BreadcrumbList\",\"@id\":\"https:\/\/eubias.org\/NEUBIAS\/neubias2020-conference\/#breadcrumb\",\"itemListElement\":[{\"@type\":\"ListItem\",\"position\":1,\"name\":\"Accueil\",\"item\":\"https:\/\/eubias.org\/NEUBIAS\/\"},{\"@type\":\"ListItem\",\"position\":2,\"name\":\"Conferences\"}]},{\"@type\":\"WebSite\",\"@id\":\"https:\/\/eubias.org\/NEUBIAS\/#website\",\"url\":\"https:\/\/eubias.org\/NEUBIAS\/\",\"name\":\"NEUBIAS: Network of BioImage Analysts\",\"description\":\"The Network of European BioImage Analysts to advance life science imaging\",\"potentialAction\":[{\"@type\":\"SearchAction\",\"target\":{\"@type\":\"EntryPoint\",\"urlTemplate\":\"https:\/\/eubias.org\/NEUBIAS\/?s={search_term_string}\"},\"query-input\":\"required name=search_term_string\"}],\"inLanguage\":\"en-US\"}]}<\/script>\n<!-- \/ Yoast SEO plugin. -->","yoast_head_json":{"title":"Conferences - NEUBIAS: Network of BioImage Analysts","robots":{"index":"index","follow":"follow","max-snippet":"max-snippet:-1","max-image-preview":"max-image-preview:large","max-video-preview":"max-video-preview:-1"},"canonical":"https:\/\/eubias.org\/NEUBIAS\/neubias2020-conference\/","twitter_misc":{"Est. reading time":"2 minutes"},"schema":{"@context":"https:\/\/schema.org","@graph":[{"@type":"WebPage","@id":"https:\/\/eubias.org\/NEUBIAS\/neubias2020-conference\/","url":"https:\/\/eubias.org\/NEUBIAS\/neubias2020-conference\/","name":"Conferences - NEUBIAS: Network of BioImage Analysts","isPartOf":{"@id":"https:\/\/eubias.org\/NEUBIAS\/#website"},"datePublished":"2016-08-17T08:39:09+00:00","dateModified":"2023-02-17T11:34:50+00:00","breadcrumb":{"@id":"https:\/\/eubias.org\/NEUBIAS\/neubias2020-conference\/#breadcrumb"},"inLanguage":"en-US","potentialAction":[{"@type":"ReadAction","target":["https:\/\/eubias.org\/NEUBIAS\/neubias2020-conference\/"]}]},{"@type":"BreadcrumbList","@id":"https:\/\/eubias.org\/NEUBIAS\/neubias2020-conference\/#breadcrumb","itemListElement":[{"@type":"ListItem","position":1,"name":"Accueil","item":"https:\/\/eubias.org\/NEUBIAS\/"},{"@type":"ListItem","position":2,"name":"Conferences"}]},{"@type":"WebSite","@id":"https:\/\/eubias.org\/NEUBIAS\/#website","url":"https:\/\/eubias.org\/NEUBIAS\/","name":"NEUBIAS: Network of BioImage Analysts","description":"The Network of European BioImage Analysts to advance life science imaging","potentialAction":[{"@type":"SearchAction","target":{"@type":"EntryPoint","urlTemplate":"https:\/\/eubias.org\/NEUBIAS\/?s={search_term_string}"},"query-input":"required name=search_term_string"}],"inLanguage":"en-US"}]}},"_links":{"self":[{"href":"https:\/\/eubias.org\/NEUBIAS\/wp-json\/wp\/v2\/pages\/912"}],"collection":[{"href":"https:\/\/eubias.org\/NEUBIAS\/wp-json\/wp\/v2\/pages"}],"about":[{"href":"https:\/\/eubias.org\/NEUBIAS\/wp-json\/wp\/v2\/types\/page"}],"author":[{"embeddable":true,"href":"https:\/\/eubias.org\/NEUBIAS\/wp-json\/wp\/v2\/users\/8"}],"replies":[{"embeddable":true,"href":"https:\/\/eubias.org\/NEUBIAS\/wp-json\/wp\/v2\/comments?post=912"}],"version-history":[{"count":7,"href":"https:\/\/eubias.org\/NEUBIAS\/wp-json\/wp\/v2\/pages\/912\/revisions"}],"predecessor-version":[{"id":8973,"href":"https:\/\/eubias.org\/NEUBIAS\/wp-json\/wp\/v2\/pages\/912\/revisions\/8973"}],"wp:attachment":[{"href":"https:\/\/eubias.org\/NEUBIAS\/wp-json\/wp\/v2\/media?parent=912"}],"curies":[{"name":"wp","href":"https:\/\/api.w.org\/{rel}","templated":true}]}}